{"id":65,"date":"2016-04-15T09:17:29","date_gmt":"2016-04-15T09:17:29","guid":{"rendered":"http:\/\/zgp.de\/?page_id=65"},"modified":"2016-04-15T09:17:29","modified_gmt":"2016-04-15T09:17:29","slug":"impressum","status":"publish","type":"page","link":"https:\/\/leistung-ist-kopfsache.biz\/?page_id=65","title":{"rendered":"Impressum"},"content":{"rendered":"<div align=\"left\">\n<p>Karl Pl\u00fcddemann<\/p>\n<p>Liebigstr. 31<\/p>\n<p>D-35392 Gie\u00dfen<\/p>\n<p>Tel. 0641 9709430<\/p>\n<p>&nbsp;<\/p>\n<h4>Webmaster<\/h4>\n<p>Karl Pl\u00fcddemann<\/p>\n<p>0641 9709430<\/p>\n<p>Bei Anfragen zur Homepage nutzen Sie bitte das Kontaktformular oder kontaktieren Sie mich telefonisch.<\/p>\n<p>&nbsp;<\/p>\n<\/div>\n<p>&nbsp;<\/p>\n","protected":false},"excerpt":{"rendered":"<p>Karl Pl\u00fcddemann Liebigstr. 31 D-35392 Gie\u00dfen Tel. 0641 9709430 &nbsp; Webmaster Karl Pl\u00fcddemann 0641 9709430 Bei Anfragen zur Homepage nutzen Sie bitte das Kontaktformular oder kontaktieren Sie mich telefonisch. &nbsp; &nbsp;<\/p>\n","protected":false},"author":1,"featured_media":0,"parent":0,"menu_order":0,"comment_status":"closed","ping_status":"closed","template":"","meta":[],"_links":{"self":[{"href":"https:\/\/leistung-ist-kopfsache.biz\/index.php?rest_route=\/wp\/v2\/pages\/65"}],"collection":[{"href":"https:\/\/leistung-ist-kopfsache.biz\/index.php?rest_route=\/wp\/v2\/pages"}],"about":[{"href":"https:\/\/leistung-ist-kopfsache.biz\/index.php?rest_route=\/wp\/v2\/types\/page"}],"author":[{"embeddable":true,"href":"https:\/\/leistung-ist-kopfsache.biz\/index.php?rest_route=\/wp\/v2\/users\/1"}],"replies":[{"embeddable":true,"href":"https:\/\/leistung-ist-kopfsache.biz\/index.php?rest_route=%2Fwp%2Fv2%2Fcomments&post=65"}],"version-history":[{"count":2,"href":"https:\/\/leistung-ist-kopfsache.biz\/index.php?rest_route=\/wp\/v2\/pages\/65\/revisions"}],"predecessor-version":[{"id":67,"href":"https:\/\/leistung-ist-kopfsache.biz\/index.php?rest_route=\/wp\/v2\/pages\/65\/revisions\/67"}],"wp:attachment":[{"href":"https:\/\/leistung-ist-kopfsache.biz\/index.php?rest_route=%2Fwp%2Fv2%2Fmedia&parent=65"}],"curies":[{"name":"wp","href":"https:\/\/api.w.org\/{rel}","templated":true}]}}