{"id":60,"date":"2016-04-15T09:14:14","date_gmt":"2016-04-15T09:14:14","guid":{"rendered":"http:\/\/zgp.de\/?page_id=60"},"modified":"2016-04-15T10:29:16","modified_gmt":"2016-04-15T10:29:16","slug":"links","status":"publish","type":"page","link":"https:\/\/leistung-ist-kopfsache.biz\/?page_id=60","title":{"rendered":"Links"},"content":{"rendered":"<p>Daniel Spaar (Fotografie) \u00a0 \u00a0 \u00a0 \u00a0 \u00a0 \u00a0 \u00a0 \u00a0 \u00a0 \u00a0 \u00a0 \u00a0 \u00a0 \u00a0 \u00a0 \u00a0 \u00a0 \u00a0 \u00a0 \u00a0 | <span style=\"color: #003366;\"><a style=\"color: #003366;\" href=\"http:\/\/www.dspicture.de\/\">dspicture.com<\/a><\/span><\/p>\n<hr \/>\n<p>Kart-Verein Oppenrod \u00a0 \u00a0 \u00a0 \u00a0 \u00a0 \u00a0 \u00a0 \u00a0 \u00a0 \u00a0 \u00a0 \u00a0 \u00a0 \u00a0 \u00a0 \u00a0 \u00a0 \u00a0 \u00a0 \u00a0 \u00a0 \u00a0 \u00a0| <span style=\"color: #003366;\"><a style=\"color: #003366;\" href=\"http:\/\/www.kv-oppenrod.de\/\">kv-oppenrod.de<\/a><\/span><\/p>\n<hr \/>\n<p>Videos vom Kartsport auf Youtube \u00a0 \u00a0 \u00a0 \u00a0 \u00a0 \u00a0 \u00a0 \u00a0 \u00a0 \u00a0 \u00a0 \u00a0| <span style=\"color: #003366;\"><a style=\"color: #003366;\" href=\"https:\/\/www.youtube.com\/user\/JFPproducts\">JFPproduction<\/a><\/span><\/p>\n<hr \/>\n<p>Informationen zu &#8218;Stress-Weg&#8216; &#8211; Prozess- und<br \/>\nEmbodiment fokussierte Psychologie (PEP) \u00a0 \u00a0 \u00a0 \u00a0\u00a0| <span style=\"color: #003366;\"><a style=\"color: #003366;\" href=\"http:\/\/dr-michael-bohne.de\/NAVIGATION-OBEN.6.0.html\">Dr-Michael-Bohne.de\u00a0<\/a><\/span><\/p>\n<hr \/>\n<p>EMDRIA<br \/>\n(EMDR International Association Deutschland) \u00a0|\u00a0<span style=\"color: #003366;\"><a style=\"color: #003366;\" href=\"http:\/\/www.emdria.de\/\">emdria.de<\/a><\/span><\/p>\n<hr \/>\n<p>&nbsp;<\/p>\n<p>Disclaimer:<\/p>\n<p>Das Landgericht Hamburg hat mit Urteil vom 12.05.1998 entschieden, da\u00df man durch das Setzen eines Links die Inhalte der gelinkten Seiten ggf. mit zu verantworten hat. Dies kann &#8211; so das LG &#8211; nur dadurch verhindert werden, dass man sich ausdr\u00fccklich von diesen Inhalten distanziert.<\/p>\n<p>&#8222;Wir haben auf unserer Homepage Links und Banner zu anderen Seiten gesetzt. F\u00fcr all diese Links und Banner auf unserer Homepage gilt: &#8222;Wir distanzieren uns hiermit ausdr\u00fccklich von allen Inhalten s\u00e4mtlicher gelinkter Seiten und verweisen darauf, dass wir keinen Einfluss auf Gestaltung und Inhalte der verlinkten Seiten haben.&#8220;<\/p>\n","protected":false},"excerpt":{"rendered":"<p>Daniel Spaar (Fotografie) \u00a0 \u00a0 \u00a0 \u00a0 \u00a0 \u00a0 \u00a0 \u00a0 \u00a0 \u00a0 \u00a0 \u00a0 \u00a0 \u00a0 \u00a0 \u00a0 \u00a0 \u00a0 \u00a0 \u00a0 | dspicture.com Kart-Verein Oppenrod \u00a0 \u00a0 \u00a0 \u00a0 \u00a0 \u00a0 \u00a0 \u00a0 \u00a0 \u00a0 \u00a0 \u00a0 \u00a0 \u00a0 \u00a0 \u00a0 \u00a0 \u00a0 \u00a0 \u00a0 \u00a0 \u00a0 \u00a0| kv-oppenrod.de Videos vom Kartsport auf &hellip; <a href=\"https:\/\/leistung-ist-kopfsache.biz\/?page_id=60\" class=\"more-link\"><span class=\"screen-reader-text\">Links<\/span> weiterlesen<\/a><\/p>\n","protected":false},"author":1,"featured_media":0,"parent":0,"menu_order":0,"comment_status":"closed","ping_status":"closed","template":"","meta":[],"_links":{"self":[{"href":"https:\/\/leistung-ist-kopfsache.biz\/index.php?rest_route=\/wp\/v2\/pages\/60"}],"collection":[{"href":"https:\/\/leistung-ist-kopfsache.biz\/index.php?rest_route=\/wp\/v2\/pages"}],"about":[{"href":"https:\/\/leistung-ist-kopfsache.biz\/index.php?rest_route=\/wp\/v2\/types\/page"}],"author":[{"embeddable":true,"href":"https:\/\/leistung-ist-kopfsache.biz\/index.php?rest_route=\/wp\/v2\/users\/1"}],"replies":[{"embeddable":true,"href":"https:\/\/leistung-ist-kopfsache.biz\/index.php?rest_route=%2Fwp%2Fv2%2Fcomments&post=60"}],"version-history":[{"count":5,"href":"https:\/\/leistung-ist-kopfsache.biz\/index.php?rest_route=\/wp\/v2\/pages\/60\/revisions"}],"predecessor-version":[{"id":98,"href":"https:\/\/leistung-ist-kopfsache.biz\/index.php?rest_route=\/wp\/v2\/pages\/60\/revisions\/98"}],"wp:attachment":[{"href":"https:\/\/leistung-ist-kopfsache.biz\/index.php?rest_route=%2Fwp%2Fv2%2Fmedia&parent=60"}],"curies":[{"name":"wp","href":"https:\/\/api.w.org\/{rel}","templated":true}]}}