{"id":50,"date":"2016-04-15T08:55:23","date_gmt":"2016-04-15T08:55:23","guid":{"rendered":"http:\/\/zgp.de\/?page_id=50"},"modified":"2016-04-20T07:27:19","modified_gmt":"2016-04-20T07:27:19","slug":"sauschnell-und-richtig-motiviert-psychologische-fortbildung-fuer-betreuer-mechaniker-eltern","status":"publish","type":"page","link":"https:\/\/leistung-ist-kopfsache.biz\/?page_id=50","title":{"rendered":"Sauschnell und richtig motiviert: Psychologische Fortbildung f\u00fcr Betreuer, Mechaniker, Eltern"},"content":{"rendered":"<p>&#8230; kurz gesagt: F\u00fcr alle, die um den Fahrer herum sind.<\/p>\n<p>Motorsportler und ihr Umfeld investieren viel in Technik, Vorbereitung, Logistik, neue Teile, testen und probieren. Das Material muss stimmen, sonst geht es nicht. Der entscheidende Faktor im Wettbewerb sitzt aber immer noch zwischen Pedalen und Lenkrad. Investieren Sie in ihn (oder sie!), damit K\u00f6rper und Geist auf der H\u00f6he der Leistungsf\u00e4higkeit sind. Rennen fahren erfordert ein H\u00f6chstma\u00df an Pr\u00e4zision und gleichzeitig ein blitzschnelles intuitives Reagieren. Das geht nur, wenn Gehirn und K\u00f6rper frei arbeiten k\u00f6nnen.<\/p>\n<p>Alle Mitglieder des Teams tragen zum Level an Motivation, zur Freude am Fahren und zum Erfolg bei, wenn Sie um den Fahrer herum sind. Zuhause, im Training und an der Strecke. Je bewusster sie das tun, desto besser. So bereiten Sie den Weg zum Erfolg.<\/p>\n<h4>Angebot f\u00fcr Halb-Tagesfortbildung<\/h4>\n<ul>\n<li>Die Grundlage f\u00fcr Leistung: Die sichere Basis. Ein sicheres und vorhersagbares Umfeld herstellen<\/li>\n<li>Lerntheorie oder: Wie sage ich es meinem Kinde? Richtige Inhalte richtig vermitteln<\/li>\n<li>Zielanalyse: Ziele so definieren, dass auch hilfreich sind<\/li>\n<li>Einen optimalen Level an Motivation herstellen<\/li>\n<li>Angst ist ein schlechter Ratgeber. Von der Angst vor Miserfolg zur Freude auf den Erfolg.<\/li>\n<\/ul>\n<p>4x 45 min, Gruppen bis zu 10 Personen, Termine und Ort nach Vereinbarung.<\/p>\n<hr \/>\n<p><a href=\"https:\/\/leistung-ist-kopfsache.biz\/?page_id=124\">Kontaktformular<\/a><\/p>\n","protected":false},"excerpt":{"rendered":"<p>&#8230; kurz gesagt: F\u00fcr alle, die um den Fahrer herum sind. Motorsportler und ihr Umfeld investieren viel in Technik, Vorbereitung, Logistik, neue Teile, testen und probieren. Das Material muss stimmen, sonst geht es nicht. Der entscheidende Faktor im Wettbewerb sitzt aber immer noch zwischen Pedalen und Lenkrad. Investieren Sie in ihn (oder sie!), damit K\u00f6rper &hellip; <a href=\"https:\/\/leistung-ist-kopfsache.biz\/?page_id=50\" class=\"more-link\"><span class=\"screen-reader-text\">Sauschnell und richtig motiviert: Psychologische Fortbildung f\u00fcr Betreuer, Mechaniker, Eltern<\/span> weiterlesen<\/a><\/p>\n","protected":false},"author":1,"featured_media":0,"parent":48,"menu_order":0,"comment_status":"closed","ping_status":"closed","template":"","meta":[],"_links":{"self":[{"href":"https:\/\/leistung-ist-kopfsache.biz\/index.php?rest_route=\/wp\/v2\/pages\/50"}],"collection":[{"href":"https:\/\/leistung-ist-kopfsache.biz\/index.php?rest_route=\/wp\/v2\/pages"}],"about":[{"href":"https:\/\/leistung-ist-kopfsache.biz\/index.php?rest_route=\/wp\/v2\/types\/page"}],"author":[{"embeddable":true,"href":"https:\/\/leistung-ist-kopfsache.biz\/index.php?rest_route=\/wp\/v2\/users\/1"}],"replies":[{"embeddable":true,"href":"https:\/\/leistung-ist-kopfsache.biz\/index.php?rest_route=%2Fwp%2Fv2%2Fcomments&post=50"}],"version-history":[{"count":2,"href":"https:\/\/leistung-ist-kopfsache.biz\/index.php?rest_route=\/wp\/v2\/pages\/50\/revisions"}],"predecessor-version":[{"id":149,"href":"https:\/\/leistung-ist-kopfsache.biz\/index.php?rest_route=\/wp\/v2\/pages\/50\/revisions\/149"}],"up":[{"embeddable":true,"href":"https:\/\/leistung-ist-kopfsache.biz\/index.php?rest_route=\/wp\/v2\/pages\/48"}],"wp:attachment":[{"href":"https:\/\/leistung-ist-kopfsache.biz\/index.php?rest_route=%2Fwp%2Fv2%2Fmedia&parent=50"}],"curies":[{"name":"wp","href":"https:\/\/api.w.org\/{rel}","templated":true}]}}