{"id":41,"date":"2016-04-15T08:36:27","date_gmt":"2016-04-15T08:36:27","guid":{"rendered":"http:\/\/zgp.de\/?page_id=41"},"modified":"2016-04-15T08:36:27","modified_gmt":"2016-04-15T08:36:27","slug":"emdr","status":"publish","type":"page","link":"https:\/\/leistung-ist-kopfsache.biz\/?page_id=41","title":{"rendered":"EMDR"},"content":{"rendered":"<p>Eye Movement Desensitization and Reprocessing nach Shapiro.<\/p>\n<p>Mittels Augenfolgebewegungen wird ein Prozess initiiert, bei dem die dem Gehirn eigene F\u00e4higkeit, Blockaden zu l\u00f6sen genutzt wird. H\u00e4ufig kommt es bei der Anwendung von EMDR zu kreativen Prozessen, bei denen der Klient aus sich selber ungewohnte, neue L\u00f6sungsm\u00f6glichkeiten entwickelt. EMDR ist seit \u00fcber 10 Jahren als hoch wirksame Methode Behandlung von psychischen Traumafolgen etabliert. Im Coaching von Spitzensportlern wird die Methode wegen der Effektivit\u00e4t bei der Entwicklung von kreativen L\u00f6sungsprozessen gesch\u00e4tzt.<\/p>\n<p>Ich nutze EMDR seit \u00fcber 10 Jahren intensiv und bin als Supervisor in der Ausbildung von Fachleuten in EMDR t\u00e4tig.<\/p>\n","protected":false},"excerpt":{"rendered":"<p>Eye Movement Desensitization and Reprocessing nach Shapiro. Mittels Augenfolgebewegungen wird ein Prozess initiiert, bei dem die dem Gehirn eigene F\u00e4higkeit, Blockaden zu l\u00f6sen genutzt wird. H\u00e4ufig kommt es bei der Anwendung von EMDR zu kreativen Prozessen, bei denen der Klient aus sich selber ungewohnte, neue L\u00f6sungsm\u00f6glichkeiten entwickelt. EMDR ist seit \u00fcber 10 Jahren als hoch &hellip; <a href=\"https:\/\/leistung-ist-kopfsache.biz\/?page_id=41\" class=\"more-link\"><span class=\"screen-reader-text\">EMDR<\/span> weiterlesen<\/a><\/p>\n","protected":false},"author":1,"featured_media":0,"parent":28,"menu_order":0,"comment_status":"closed","ping_status":"closed","template":"","meta":[],"_links":{"self":[{"href":"https:\/\/leistung-ist-kopfsache.biz\/index.php?rest_route=\/wp\/v2\/pages\/41"}],"collection":[{"href":"https:\/\/leistung-ist-kopfsache.biz\/index.php?rest_route=\/wp\/v2\/pages"}],"about":[{"href":"https:\/\/leistung-ist-kopfsache.biz\/index.php?rest_route=\/wp\/v2\/types\/page"}],"author":[{"embeddable":true,"href":"https:\/\/leistung-ist-kopfsache.biz\/index.php?rest_route=\/wp\/v2\/users\/1"}],"replies":[{"embeddable":true,"href":"https:\/\/leistung-ist-kopfsache.biz\/index.php?rest_route=%2Fwp%2Fv2%2Fcomments&post=41"}],"version-history":[{"count":1,"href":"https:\/\/leistung-ist-kopfsache.biz\/index.php?rest_route=\/wp\/v2\/pages\/41\/revisions"}],"predecessor-version":[{"id":42,"href":"https:\/\/leistung-ist-kopfsache.biz\/index.php?rest_route=\/wp\/v2\/pages\/41\/revisions\/42"}],"up":[{"embeddable":true,"href":"https:\/\/leistung-ist-kopfsache.biz\/index.php?rest_route=\/wp\/v2\/pages\/28"}],"wp:attachment":[{"href":"https:\/\/leistung-ist-kopfsache.biz\/index.php?rest_route=%2Fwp%2Fv2%2Fmedia&parent=41"}],"curies":[{"name":"wp","href":"https:\/\/api.w.org\/{rel}","templated":true}]}}