{"id":39,"date":"2016-04-15T08:35:36","date_gmt":"2016-04-15T08:35:36","guid":{"rendered":"http:\/\/zgp.de\/?page_id=39"},"modified":"2016-04-17T19:20:51","modified_gmt":"2016-04-17T19:20:51","slug":"stress-weg","status":"publish","type":"page","link":"https:\/\/leistung-ist-kopfsache.biz\/?page_id=39","title":{"rendered":"Energetische Psychologie"},"content":{"rendered":"<p>Mit Prozess- und Embodimentfokussierter Psychologie (PEP) das Anspannungsniveau regulieren.<\/p>\n<p>Mit Techniken der sogenannten &#8218;energetischen Psychologie&#8216; ist eine schnelle und effektive Stressreduktion in Anforderungssituationen erreichen. Ich verwende eine Weiterentwicklung\u00a0 dieser Techniken, Prozess- und Embodimentfokussierte Psychologie (PEP) nach Dr. Michael Bohne.\u00a0 Durch die Kombination von positiven Instruktionen mit dem Klopfen von Akupressurpunkten findet eine schnelle Reduktion von unangemessener Anspannung statt &#8211; k\u00f6rperlich und psychisch. Der ganze Organismus kann seine Kraft und seine F\u00e4higkeit zur Anspannung wieder dort einsetzen, wo sie gebraucht wird.<\/p>\n<p>Diese &#8218;Stress-weg&#8216; -Techniken sind besonders effektiv bei Anforderungs- und Leistungssituationen, in denen eine hohe Anspannung und Konzentration ben\u00f6tigt wird. Fortgeschrittene Nutzer k\u00f6nnen mit Hilfe dieser Techniken sogar Blockaden wie Leistungsangst und \u00dcberanspannung abbauen. Die positive Leistungserwartung wird gef\u00f6rdert und das Vertrauen in das eigene K\u00f6nnen wird wieder geweckt.<\/p>\n","protected":false},"excerpt":{"rendered":"<p>Mit Prozess- und Embodimentfokussierter Psychologie (PEP) das Anspannungsniveau regulieren. Mit Techniken der sogenannten &#8218;energetischen Psychologie&#8216; ist eine schnelle und effektive Stressreduktion in Anforderungssituationen erreichen. Ich verwende eine Weiterentwicklung\u00a0 dieser Techniken, Prozess- und Embodimentfokussierte Psychologie (PEP) nach Dr. Michael Bohne.\u00a0 Durch die Kombination von positiven Instruktionen mit dem Klopfen von Akupressurpunkten findet eine schnelle Reduktion von &hellip; <a href=\"https:\/\/leistung-ist-kopfsache.biz\/?page_id=39\" class=\"more-link\"><span class=\"screen-reader-text\">Energetische Psychologie<\/span> weiterlesen<\/a><\/p>\n","protected":false},"author":1,"featured_media":0,"parent":28,"menu_order":0,"comment_status":"closed","ping_status":"closed","template":"","meta":[],"_links":{"self":[{"href":"https:\/\/leistung-ist-kopfsache.biz\/index.php?rest_route=\/wp\/v2\/pages\/39"}],"collection":[{"href":"https:\/\/leistung-ist-kopfsache.biz\/index.php?rest_route=\/wp\/v2\/pages"}],"about":[{"href":"https:\/\/leistung-ist-kopfsache.biz\/index.php?rest_route=\/wp\/v2\/types\/page"}],"author":[{"embeddable":true,"href":"https:\/\/leistung-ist-kopfsache.biz\/index.php?rest_route=\/wp\/v2\/users\/1"}],"replies":[{"embeddable":true,"href":"https:\/\/leistung-ist-kopfsache.biz\/index.php?rest_route=%2Fwp%2Fv2%2Fcomments&post=39"}],"version-history":[{"count":3,"href":"https:\/\/leistung-ist-kopfsache.biz\/index.php?rest_route=\/wp\/v2\/pages\/39\/revisions"}],"predecessor-version":[{"id":117,"href":"https:\/\/leistung-ist-kopfsache.biz\/index.php?rest_route=\/wp\/v2\/pages\/39\/revisions\/117"}],"up":[{"embeddable":true,"href":"https:\/\/leistung-ist-kopfsache.biz\/index.php?rest_route=\/wp\/v2\/pages\/28"}],"wp:attachment":[{"href":"https:\/\/leistung-ist-kopfsache.biz\/index.php?rest_route=%2Fwp%2Fv2%2Fmedia&parent=39"}],"curies":[{"name":"wp","href":"https:\/\/api.w.org\/{rel}","templated":true}]}}