{"id":30,"date":"2016-04-15T08:31:07","date_gmt":"2016-04-15T08:31:07","guid":{"rendered":"http:\/\/zgp.de\/?page_id=30"},"modified":"2016-04-17T18:37:51","modified_gmt":"2016-04-17T18:37:51","slug":"leistung-ist-kopfsache","status":"publish","type":"page","link":"https:\/\/leistung-ist-kopfsache.biz\/?page_id=30","title":{"rendered":"Leistung ist Kopfsache"},"content":{"rendered":"<h2>Ich mache einfach mein Ding<\/h2>\n<p>Wer kennt das nicht, wenn Spitzensportler vor gro\u00dfen Ereignissen im Fernsehen interviewt werden. \u201eIch \u00fcberlege nicht, was die anderen machen. Ich mache einfach mein Ding.\u201c\u00a0Der Schispringer Sven Hannawald brachte die Journalisten mit diesen Worten fast zur Verzweiflung \u2013 und dann gewann er als erster alle vier Springen der Vierschanzentournee. Erfolgreiche Fu\u00dfballtrainer sprechen davon, dass die Mannschaft &#8218;ihr Spiel&#8216; gemacht hat &#8211; und nicht das Spiel der Gegner.<\/p>\n<p>\u201eIch mache einfach mein Ding\u201c ist keine Floskel.<\/p>\n<p>Tats\u00e4chlich geht es genau darum. &#8218;Mein Ding&#8216; ist der Ausdruck von Selbstvertrauen und Fokussierung.<\/p>\n<p>Im Motorsport m\u00fcssen\u00a0Informationen blitzschnell verarbeitet und in Handlung umgesetzt\u00a0werden. Ein perfektes Zusammenspiel von Sehen, H\u00f6ren, Sp\u00fcren, Motorik und Kondition ist die Grundlage f\u00fcr schnelle und konstante Rundenzeiten im Qualifying. Im Rennen kommen Wettkampfsituationen hinzu, Chancen und Risiken m\u00fcssen in k\u00fcrzester Zeit abgewogen werden. Nur so entsteht Erfolg.<\/p>\n<p>Der Kopf ist nicht immer so frei, wie er sein sollte. (Scheinbare) Misserfolge, Spannungen im Team, pers\u00f6nliche Belastungen kommen einfach vor &#8211; so ist das Leben. Zum Gl\u00fcck gibt es Wege, um damit umzugehen und den Kopf wieder frei zu bekommen.<\/p>\n<p>&nbsp;<\/p>\n","protected":false},"excerpt":{"rendered":"<p>Ich mache einfach mein Ding Wer kennt das nicht, wenn Spitzensportler vor gro\u00dfen Ereignissen im Fernsehen interviewt werden. \u201eIch \u00fcberlege nicht, was die anderen machen. Ich mache einfach mein Ding.\u201c\u00a0Der Schispringer Sven Hannawald brachte die Journalisten mit diesen Worten fast zur Verzweiflung \u2013 und dann gewann er als erster alle vier Springen der Vierschanzentournee. Erfolgreiche &hellip; <a href=\"https:\/\/leistung-ist-kopfsache.biz\/?page_id=30\" class=\"more-link\"><span class=\"screen-reader-text\">Leistung ist Kopfsache<\/span> weiterlesen<\/a><\/p>\n","protected":false},"author":1,"featured_media":0,"parent":0,"menu_order":0,"comment_status":"closed","ping_status":"closed","template":"","meta":[],"_links":{"self":[{"href":"https:\/\/leistung-ist-kopfsache.biz\/index.php?rest_route=\/wp\/v2\/pages\/30"}],"collection":[{"href":"https:\/\/leistung-ist-kopfsache.biz\/index.php?rest_route=\/wp\/v2\/pages"}],"about":[{"href":"https:\/\/leistung-ist-kopfsache.biz\/index.php?rest_route=\/wp\/v2\/types\/page"}],"author":[{"embeddable":true,"href":"https:\/\/leistung-ist-kopfsache.biz\/index.php?rest_route=\/wp\/v2\/users\/1"}],"replies":[{"embeddable":true,"href":"https:\/\/leistung-ist-kopfsache.biz\/index.php?rest_route=%2Fwp%2Fv2%2Fcomments&post=30"}],"version-history":[{"count":3,"href":"https:\/\/leistung-ist-kopfsache.biz\/index.php?rest_route=\/wp\/v2\/pages\/30\/revisions"}],"predecessor-version":[{"id":109,"href":"https:\/\/leistung-ist-kopfsache.biz\/index.php?rest_route=\/wp\/v2\/pages\/30\/revisions\/109"}],"wp:attachment":[{"href":"https:\/\/leistung-ist-kopfsache.biz\/index.php?rest_route=%2Fwp%2Fv2%2Fmedia&parent=30"}],"curies":[{"name":"wp","href":"https:\/\/api.w.org\/{rel}","templated":true}]}}